{"id":19875,"date":"2025-01-02T12:12:46","date_gmt":"2025-01-02T11:12:46","guid":{"rendered":"https:\/\/net-pharma.com\/politica-privacidad\/"},"modified":"2025-05-03T14:20:54","modified_gmt":"2025-05-03T12:20:54","slug":"privacy-policy","status":"publish","type":"page","link":"https:\/\/net-pharma.com\/en\/privacy-policy\/","title":{"rendered":"Privacy policy"},"content":{"rendered":"\t\t<div data-elementor-type=\"wp-page\" data-elementor-id=\"19875\" class=\"elementor elementor-19875 elementor-15861\" data-elementor-post-type=\"page\">\n\t\t\t\t<div class=\"elementor-element elementor-element-2db69e3a e-flex e-con-boxed e-con e-parent\" data-id=\"2db69e3a\" data-element_type=\"container\" data-settings=\"{&quot;wcf_enable_cursor_hover_effect_text&quot;:&quot;View&quot;,&quot;wcf-animation&quot;:&quot;none&quot;,&quot;wcf_pin_breakpoint&quot;:&quot;mobile&quot;}\">\n\t\t\t\t\t<div class=\"e-con-inner\">\n\t\t\t\t<div class=\"elementor-element elementor-element-70efe531 wcf-t-animation-none elementor-widget elementor-widget-text-editor\" data-id=\"70efe531\" data-element_type=\"widget\" data-settings=\"{&quot;wcf_text_animation&quot;:&quot;none&quot;,&quot;wcf-animation&quot;:&quot;none&quot;}\" data-widget_type=\"text-editor.default\">\n\t\t\t\t<div class=\"elementor-widget-container\">\n\t\t\t\t\t\t\t\n<p>Siguiendo los principios de licitud, lealtad y transparencia, ponemos a su disposici\u00f3n la presente Pol\u00edtica de Privacidad.<\/p>\n<h3>\u00bfQui\u00e9n es el Responsable del tratamiento de sus datos?<\/h3>\n<table class=\"table\">\n<tbody>\n<tr>\n<td class=\"table-dark\">RESPONSABLE<\/td>\n<td class=\"table-dark\">NET PHARMA HUB SL.<\/td>\n<\/tr>\n<tr>\n<td class=\"border\">NIF<\/td>\n<td class=\"border\">B-44651867<\/td>\n<\/tr>\n<tr>\n<td class=\"border\">DOMICILIO SOCIAL<\/td>\n<td class=\"border\">Ctra. De Fuencarral, 22 Alcobendas (Madrid)<\/td>\n<\/tr>\n<tr>\n<td class=\"border\">CONTACTO<\/td>\n<td class=\"border\">Email : contact@net-pharma.com <br \/>Tel\u00e9fono: +34 91 088 41 88<\/td>\n<\/tr>\n<\/tbody>\n<\/table>\n<h3>\u00a0<\/h3>\n<h3>\u00bfCon qu\u00e9 finalidad tratamos sus datos personales?<\/h3>\n<p>En <span class=\"s1\">NET PHARMA HUB SL.<\/span>, dependiendo de la categor\u00eda de interesado de que se trate, tratamos la informaci\u00f3n que nos facilita con las siguientes finalidades:<\/p>\n<table class=\"table\">\n<tbody>\n<tr>\n<td class=\"table-dark\">INTERESADOS<\/td>\n<td class=\"table-dark\">FINALIDADES DEL TRATAMIENTO<\/td>\n<\/tr>\n<tr>\n<td class=\"border\">POTENCIALES CLIENTES<\/td>\n<td class=\"border\">Gestionar la potencial relaci\u00f3n comercial y\/o profesional, gestionar el env\u00edo de informaci\u00f3n solicitada y\/o resolver las consultas planteadas, facilitar ofertas de nuestros servicios y\/o productos de su inter\u00e9s.<\/td>\n<\/tr>\n<tr>\n<td class=\"border\">CLIENTES<\/td>\n<td class=\"border\">Gestionar la relaci\u00f3n comercial y\/o profesional, facilitar ofertas de nuestros servicios y\/o productos de su inter\u00e9s.<\/td>\n<\/tr>\n<tr>\n<td class=\"border\">PROVEEDORES<\/td>\n<td class=\"border\">Gestionar la relaci\u00f3n comercial y\/o profesional.<\/td>\n<\/tr>\n<tr>\n<td class=\"border\">CANDIDATOS<\/td>\n<td class=\"border\">Gestionar el proceso de selecci\u00f3n de personal.<\/td>\n<\/tr>\n<tr>\n<td class=\"border\">USUARIOS WEB<\/td>\n<td class=\"border\">Gestionar el an\u00e1lisis de sus datos de navegaci\u00f3n.<\/td>\n<\/tr>\n<\/tbody>\n<\/table>\n<h3>\u00a0<\/h3>\n<h3>\u00bfCu\u00e1l es la legitimaci\u00f3n para el tratamiento de sus datos?<\/h3>\n<p>La base legal para el tratamiento de sus datos personales, dependiendo de la categor\u00eda de interesado de que se trate, puede ser:<\/p>\n<table class=\"table\">\n<tbody>\n<tr>\n<td class=\"table-dark\">INTERESADOS<\/td>\n<td class=\"table-dark\">BASE LEGAL<\/td>\n<\/tr>\n<tr>\n<td class=\"border\">POTENCIALES CLIENTES<\/td>\n<td class=\"border\">Art. 6.1.b RGPD: aplicaci\u00f3n, a petici\u00f3n del interesado, de medidas precontractuales (presupuestos, hojas de encargo, ofertas de servicios\u2026).<br \/><br \/>Art. 6.1.f RGPD: Inter\u00e9s leg\u00edtimo (enviar informaci\u00f3n solicitada, responder a las consultas planteadas\u2026).<br \/><br \/>Art. 6.1.a RGPD: consentimiento del propio interesado (facilitar ofertas de nuestros servicios y\/o productos).<\/td>\n<\/tr>\n<tr>\n<td class=\"border\">CLIENTES<\/td>\n<td class=\"border\">Art. 6.1.b RGPD: ejecuci\u00f3n de un contrato en el que el interesado es parte.<\/td>\n<\/tr>\n<tr>\n<td class=\"border\">PROVEEDORES<\/td>\n<td class=\"border\">Art. 6.1.b RGPD: ejecuci\u00f3n de un contrato en el que el interesado es parte.<\/td>\n<\/tr>\n<tr>\n<td class=\"border\">CANDIDATOS<\/td>\n<td class=\"border\">Art. 6.1.a RGPD: consentimiento del propio interesado.<\/td>\n<\/tr>\n<tr>\n<td class=\"border\">USUARIOS WEB<\/td>\n<td class=\"border\">Art. 6.1.a RGPD: consentimiento del propio interesado.<\/td>\n<\/tr>\n<\/tbody>\n<\/table>\n<p>Los datos que le solicitamos son adecuados, pertinentes y estrictamente necesarios y en ning\u00fan caso est\u00e1 obligado a facilit\u00e1rnoslos, pero su no comunicaci\u00f3n podr\u00e1 afectar a la finalidad del servicio o la imposibilidad de prestarlo.<\/p>\n<h3>\u00a0<\/h3>\n<h3>\u00bfPor cu\u00e1nto tiempo conservaremos sus datos personales?<\/h3>\n<p>Sus datos, ser\u00e1n conservados el tiempo m\u00ednimo necesario para la correcta prestaci\u00f3n del servicio ofrecido as\u00ed como para atender las responsabilidades que se pudieran derivar del mismo y de cualquier otra exigencia legal.<\/p>\n<h3>\u00a0<\/h3>\n<h3>\u00bfA qu\u00e9 destinatarios se comunicar\u00e1n sus datos?<\/h3>\n<p class=\"p1\"><span class=\"s1\">NET PHARMA HUB SL.<\/span> no comunicar\u00e1 sus datos a ning\u00fan tercero, salvo que se informe de ello expresamente y se recabe su consentimiento expresol.<\/p>\n<p>Adicionalmente le informamos que determinados datos, en virtud de la normativa vigente o de la relaci\u00f3n contractual que mantenga con <span class=\"s1\">NET PHARMA HUB SL.<\/span>, podr\u00e1n ser comunicados a:<\/p>\n<ul>\n<li>Los bancos y entidades financieras para el cobro de los servicios contratados y\/o productos comprados.<\/li>\n<li>Administraciones p\u00fablicas con competencia en los sectores de la actividad de NET PHARMA HUB SL., cuando as\u00ed lo establezca la normativa vigente.<\/li>\n<\/ul>\n<h3>\u00a0<\/h3>\n<h3>\u00bfCu\u00e1les son sus derechos cuando nos facilita sus datos?<\/h3>\n<p>Los derechos de protecci\u00f3n de datos que podr\u00e1n ejercer los interesados, cuando procedan, son:<\/p>\n<ul>\n<li>Derecho a solicitar el acceso a los datos personales relativos al interesado.<\/li>\n<li>Derecho de rectificaci\u00f3n o supresi\u00f3n.<\/li>\n<li>Derecho de oposici\u00f3n.<\/li>\n<li>Derecho a solicitar la limitaci\u00f3n de su tratamiento.<\/li>\n<li>Derecho a la portabilidad de los datos.<\/li>\n<li>Derecho a no ser objeto de decisiones basadas \u00fanicamente en el tratamiento automatizado de datos.<\/li>\n<\/ul>\n<p>Los titulares de los datos personales obtenidos, podr\u00e1n ejercer sus derechos de protecci\u00f3n de datos personales dirigiendo una comunicaci\u00f3n por escrito al domicilio social de <span class=\"s1\">NET PHARMA HUB SL. <\/span>o al correo electr\u00f3nico habilitado a tal efecto, <a href=\"mailto:contact@net-pharma.com\" target=\"_blank\" rel=\"noopener\">contact@net-pharma.com<\/a><\/p>\n<p><a href=\"https:\/\/net-pharma.com\/%E2%80%99mailto:\">Modelos, formularios y m\u00e1s informaci\u00f3n disponible sobre sus derechos en la p\u00e1gina web de la autoridad de control nacional, Agencia Espa\u00f1ola de Protecci\u00f3n de Datos, en adelante, AEPD,<\/a><a href=\"https:\/\/net-pharma.com\/%E2%80%99\" target=\"\u2019_blank\u2019\"> www.aepd.es <\/a><\/p>\n<h3>\u00a0<\/h3>\n<h3>\u00bfPuedo retirar el consentimiento?<\/h3>\n<p>Usted tiene la posibilidad y el derecho a retirar el consentimiento para cualquier finalidad espec\u00edfica otorgada en su momento, sin que ello afecte a la licitud del tratamiento basado en el consentimiento previo a su retirada.<\/p>\n<h3>\u00a0<\/h3>\n<h3>\u00bfD\u00f3nde puedo reclamar en caso de que considere que no se tratan mis datos correctamente?<\/h3>\n<p>Si alg\u00fan interesado considera que sus datos no son tratados correctamente por <span class=\"s1\">NET PHARMA HUB SL. <\/span>o que las solicitudes de ejercicio de derechos no han sido atendidas de forma satisfactoria, puede interponer una reclamaci\u00f3n ante a la autoridad de protecci\u00f3n de datos que corresponda, siendo la AEPD la indicada en el territorio nacional,<a href=\"https:\/\/net-pharma.com\/%E2%80%99\" target=\"\u2019_blank\u2019\"> www.aepd.es <\/a>.<\/p>\n<h3>\u00a0<\/h3>\n<h3>Seguridad y actualizaci\u00f3n de sus datos personales<\/h3>\n<p>Con el objetivo de salvaguardar la seguridad de sus datos personales, le informamos que ha adoptado todas las medidas de \u00edndole t\u00e9cnica y organizativa necesarias para garantizar la seguridad de los datos personales suministrados. Todo ello para evitar su alteraci\u00f3n, p\u00e9rdida, y\/o tratamientos o accesos no autorizados, tal como exige la normativa, si bien la seguridad absoluta no existe.<\/p>\n<p>Es importante que, para que podamos mantener sus datos personales actualizados, nos informe siempre que se produzca una modificaci\u00f3n de los mismos.<\/p>\n<h3>\u00a0<\/h3>\n<h3>Confidencialidad<\/h3>\n<p class=\"p1\"><span class=\"s1\">NET PHARMA HUB SL.<\/span>\u00a0le informa que sus datos ser\u00e1n tratados con el m\u00e1ximo celo y confidencialidad por todo el personal que intervenga en cualquiera de las fases del tratamiento. No cederemos ni comunicaremos a ning\u00fan tercero sus datos, excepto en los casos legalmente previstos, o salvo que el interesado nos hubiera autorizado expresamente.<\/p>\n\t\t\t\t\t\t<\/div>\n\t\t\t\t<\/div>\n\t\t\t\t\t<\/div>\n\t\t\t\t<\/div>\n\t\t\t\t<\/div>\n\t\t","protected":false},"excerpt":{"rendered":"<p>Siguiendo los principios de licitud, lealtad y transparencia, ponemos a su disposici\u00f3n la presente Pol\u00edtica de Privacidad. \u00bfQui\u00e9n es el Responsable del tratamiento de sus datos? RESPONSABLE NET PHARMA HUB [&hellip;]<\/p>\n","protected":false},"author":1,"featured_media":0,"parent":0,"menu_order":0,"comment_status":"closed","ping_status":"closed","template":"","meta":{"_acf_changed":false,"footnotes":""},"class_list":["post-19875","page","type-page","status-publish","hentry"],"acf":[],"_links":{"self":[{"href":"https:\/\/net-pharma.com\/en\/wp-json\/wp\/v2\/pages\/19875","targetHints":{"allow":["GET"]}}],"collection":[{"href":"https:\/\/net-pharma.com\/en\/wp-json\/wp\/v2\/pages"}],"about":[{"href":"https:\/\/net-pharma.com\/en\/wp-json\/wp\/v2\/types\/page"}],"author":[{"embeddable":true,"href":"https:\/\/net-pharma.com\/en\/wp-json\/wp\/v2\/users\/1"}],"replies":[{"embeddable":true,"href":"https:\/\/net-pharma.com\/en\/wp-json\/wp\/v2\/comments?post=19875"}],"version-history":[{"count":5,"href":"https:\/\/net-pharma.com\/en\/wp-json\/wp\/v2\/pages\/19875\/revisions"}],"predecessor-version":[{"id":20035,"href":"https:\/\/net-pharma.com\/en\/wp-json\/wp\/v2\/pages\/19875\/revisions\/20035"}],"wp:attachment":[{"href":"https:\/\/net-pharma.com\/en\/wp-json\/wp\/v2\/media?parent=19875"}],"curies":[{"name":"wp","href":"https:\/\/api.w.org\/{rel}","templated":true}]}}